{"id":3113,"date":"2024-10-09T17:07:53","date_gmt":"2024-10-09T15:07:53","guid":{"rendered":"https:\/\/multiservicioscano.es\/?page_id=3113"},"modified":"2024-10-15T12:51:06","modified_gmt":"2024-10-15T10:51:06","slug":"contacto","status":"publish","type":"page","link":"https:\/\/multiservicioscano.es\/en\/contacto\/","title":{"rendered":"Contact"},"content":{"rendered":"<p>[et_pb_section fb_built=\u00bb1&#8243; admin_label=\u00bbHero\u00bb _builder_version=\u00bb4.22.1&#8243; use_background_color_gradient=\u00bbon\u00bb background_color_gradient_type=\u00bbcircular\u00bb background_color_gradient_direction_radial=\u00bbtop right\u00bb background_color_gradient_stops=\u00bb#3c6f9f 9%|rgba(33,25,21,0) 100%\u00bb background_color_gradient_overlays_image=\u00bbon\u00bb background_color_gradient_start=\u00bb#210b00&#8243; background_color_gradient_start_position=\u00bb10%\u00bb background_color_gradient_end=\u00bbrgba(33,25,21,0)\u00bb background_image=\u00bbhttps:\/\/multiservicioscano.es\/wp-content\/uploads\/2024\/10\/portadaContacto.jpg\u00bb custom_padding=\u00bb80px|0|80px||true|false\u00bb hover_enabled=\u00bb0&#8243; global_colors_info=\u00bb{}\u00bb title_text=\u00bbportadaContacto\u00bb sticky_enabled=\u00bb0&#8243;][et_pb_row _builder_version=\u00bb4.16&#8243; custom_margin=\u00bb|||\u00bb global_colors_info=\u00bb{}\u00bb][et_pb_column type=\u00bb4_4&#8243; _builder_version=\u00bb4.16&#8243; custom_padding=\u00bb|||\u00bb global_colors_info=\u00bb{}\u00bb custom_padding__hover=\u00bb|||\u00bb][et_pb_text _builder_version=\u00bb4.16&#8243; text_font=\u00bbOpen Sans||||||||\u00bb text_font_size=\u00bb20px\u00bb text_line_height=\u00bb2em\u00bb header_font=\u00bb|800||on|||||\u00bb header_font_size=\u00bb68px\u00bb header_line_height=\u00bb1.4em\u00bb background_layout=\u00bbdark\u00bb max_width=\u00bb700px\u00bb text_font_size_tablet=\u00bb\u00bb text_font_size_phone=\u00bb16px\u00bb text_font_size_last_edited=\u00bbon|phone\u00bb header_font_size_tablet=\u00bb44px\u00bb header_font_size_phone=\u00bb24px\u00bb header_font_size_last_edited=\u00bbon|desktop\u00bb header_line_height_tablet=\u00bb1.4em\u00bb header_line_height_phone=\u00bb1.4em\u00bb header_line_height_last_edited=\u00bbon|desktop\u00bb global_colors_info=\u00bb{}\u00bb]<\/p>\n<h1>Contact us<\/h1>\n<p><span>Now you can discover why Multiservice Cano is a leader in Palencia. In just 2 hours we&#039;ll have to get your budget. A rapid and efficient way, as all our work. Before contracting with another company, ask us.\u00a0<\/span><\/p>\n<p>[\/et_pb_text][\/et_pb_column][\/et_pb_row][et_pb_row column_structure=\u00bb2_3,1_3&#8243; _builder_version=\u00bb4.16&#8243; locked=\u00bboff\u00bb global_colors_info=\u00bb{}\u00bb][et_pb_column type=\u00bb2_3&#8243; _builder_version=\u00bb4.16&#8243; custom_padding=\u00bb|||\u00bb global_colors_info=\u00bb{}\u00bb custom_padding__hover=\u00bb|||\u00bb][et_pb_text _builder_version=\u00bb4.22.1&#8243; _module_preset=\u00bbdefault\u00bb text_text_color=\u00bb#FFFFFF\u00bb header_text_color=\u00bb#FFFFFF\u00bb header_3_font=\u00bb|800||on|||||\u00bb header_3_text_color=\u00bb#FFFFFF\u00bb header_3_font_size=\u00bb23px\u00bb global_colors_info=\u00bb{}\u00bb]<\/p>\n<h3>REQUEST YOUR BUDGET<\/h3>\n<p>[\/et_pb_text][et_pb_contact_form captcha=\u00bboff\u00bb email=\u00bbINFO@MULTISERVICIOSCANO.ES\u00bb module_id=\u00bbet_pb_contact_form_1&#8243; _builder_version=\u00bb4.22.1&#8243; form_field_background_color=\u00bbrgba(0,0,0,0)\u00bb form_field_text_color=\u00bb#ffffff\u00bb form_field_font=\u00bbOpen Sans||||||||\u00bb form_field_font_size=\u00bb16px\u00bb form_field_line_height=\u00bb2em\u00bb custom_button=\u00bbon\u00bb button_text_size=\u00bb16px\u00bb button_text_color=\u00bb#ffffff\u00bb button_border_width=\u00bb0px\u00bb button_border_radius=\u00bb0px\u00bb button_letter_spacing=\u00bb1px\u00bb button_font=\u00bbRoboto|700||on|||||\u00bb button_use_icon=\u00bboff\u00bb border_width_all=\u00bb2px\u00bb border_color_all=\u00bbrgba(255,255,255,0.4)\u00bb form_background_color=\u00bbrgba(0,0,0,0)\u00bb global_colors_info=\u00bb{}\u00bb][et_pb_contact_field field_id=\u00bbName\u00bb field_title=\u00bbNombre\u00bb _builder_version=\u00bb4.22.1&#8243; global_colors_info=\u00bb{}\u00bb button_text_size__hover_enabled=\u00bboff\u00bb button_one_text_size__hover_enabled=\u00bboff\u00bb button_two_text_size__hover_enabled=\u00bboff\u00bb button_text_color__hover_enabled=\u00bboff\u00bb button_one_text_color__hover_enabled=\u00bboff\u00bb button_two_text_color__hover_enabled=\u00bboff\u00bb button_border_width__hover_enabled=\u00bboff\u00bb button_one_border_width__hover_enabled=\u00bboff\u00bb button_two_border_width__hover_enabled=\u00bboff\u00bb button_border_color__hover_enabled=\u00bboff\u00bb button_one_border_color__hover_enabled=\u00bboff\u00bb button_two_border_color__hover_enabled=\u00bboff\u00bb button_border_radius__hover_enabled=\u00bboff\u00bb button_one_border_radius__hover_enabled=\u00bboff\u00bb button_two_border_radius__hover_enabled=\u00bboff\u00bb button_letter_spacing__hover_enabled=\u00bboff\u00bb button_one_letter_spacing__hover_enabled=\u00bboff\u00bb button_two_letter_spacing__hover_enabled=\u00bboff\u00bb button_bg_color__hover_enabled=\u00bboff\u00bb button_one_bg_color__hover_enabled=\u00bboff\u00bb button_two_bg_color__hover_enabled=\u00bboff\u00bb][\/et_pb_contact_field][et_pb_contact_field field_id=\u00bbEmail\u00bb field_title=\u00bbEmail\u00bb field_type=\u00bbemail\u00bb _builder_version=\u00bb4.22.1&#8243; global_colors_info=\u00bb{}\u00bb button_text_size__hover_enabled=\u00bboff\u00bb button_one_text_size__hover_enabled=\u00bboff\u00bb button_two_text_size__hover_enabled=\u00bboff\u00bb button_text_color__hover_enabled=\u00bboff\u00bb button_one_text_color__hover_enabled=\u00bboff\u00bb button_two_text_color__hover_enabled=\u00bboff\u00bb button_border_width__hover_enabled=\u00bboff\u00bb button_one_border_width__hover_enabled=\u00bboff\u00bb button_two_border_width__hover_enabled=\u00bboff\u00bb button_border_color__hover_enabled=\u00bboff\u00bb button_one_border_color__hover_enabled=\u00bboff\u00bb button_two_border_color__hover_enabled=\u00bboff\u00bb button_border_radius__hover_enabled=\u00bboff\u00bb button_one_border_radius__hover_enabled=\u00bboff\u00bb button_two_border_radius__hover_enabled=\u00bboff\u00bb button_letter_spacing__hover_enabled=\u00bboff\u00bb button_one_letter_spacing__hover_enabled=\u00bboff\u00bb button_two_letter_spacing__hover_enabled=\u00bboff\u00bb button_bg_color__hover_enabled=\u00bboff\u00bb button_one_bg_color__hover_enabled=\u00bboff\u00bb button_two_bg_color__hover_enabled=\u00bboff\u00bb][\/et_pb_contact_field][et_pb_contact_field field_id=\u00bbMessage\u00bb field_title=\u00bbMensaje\u00bb field_type=\u00bbtext\u00bb fullwidth_field=\u00bbon\u00bb _builder_version=\u00bb4.22.1&#8243; global_colors_info=\u00bb{}\u00bb button_text_size__hover_enabled=\u00bboff\u00bb button_one_text_size__hover_enabled=\u00bboff\u00bb button_two_text_size__hover_enabled=\u00bboff\u00bb button_text_color__hover_enabled=\u00bboff\u00bb button_one_text_color__hover_enabled=\u00bboff\u00bb button_two_text_color__hover_enabled=\u00bboff\u00bb button_border_width__hover_enabled=\u00bboff\u00bb button_one_border_width__hover_enabled=\u00bboff\u00bb button_two_border_width__hover_enabled=\u00bboff\u00bb button_border_color__hover_enabled=\u00bboff\u00bb button_one_border_color__hover_enabled=\u00bboff\u00bb button_two_border_color__hover_enabled=\u00bboff\u00bb button_border_radius__hover_enabled=\u00bboff\u00bb button_one_border_radius__hover_enabled=\u00bboff\u00bb button_two_border_radius__hover_enabled=\u00bboff\u00bb button_letter_spacing__hover_enabled=\u00bboff\u00bb button_one_letter_spacing__hover_enabled=\u00bboff\u00bb button_two_letter_spacing__hover_enabled=\u00bboff\u00bb button_bg_color__hover_enabled=\u00bboff\u00bb button_one_bg_color__hover_enabled=\u00bboff\u00bb button_two_bg_color__hover_enabled=\u00bboff\u00bb][\/et_pb_contact_field][\/et_pb_contact_form][\/et_pb_column][et_pb_column type=\u00bb1_3&#8243; _builder_version=\u00bb4.16&#8243; custom_padding=\u00bb|||\u00bb global_colors_info=\u00bb{}\u00bb custom_padding__hover=\u00bb|||\u00bb][\/et_pb_column][\/et_pb_row][\/et_pb_section][et_pb_section fb_built=\u00bb1&#8243; _builder_version=\u00bb4.22.1&#8243; _module_preset=\u00bbdefault\u00bb global_colors_info=\u00bb{}\u00bb][et_pb_row column_structure=\u00bb1_3,1_3,1_3&#8243; _builder_version=\u00bb4.22.1&#8243; _module_preset=\u00bbdefault\u00bb global_colors_info=\u00bb{}\u00bb][et_pb_column type=\u00bb1_3&#8243; _builder_version=\u00bb4.22.1&#8243; _module_preset=\u00bbdefault\u00bb global_colors_info=\u00bb{}\u00bb][et_pb_blurb title=\u00bbOFICINA\u00bb use_icon=\u00bbon\u00bb font_icon=\u00bb&#xe081;||divi||400&#8243; icon_placement=\u00bbleft\u00bb content_max_width=\u00bb1100px\u00bb _builder_version=\u00bb4.22.1&#8243; header_font=\u00bb|800||on|||||\u00bb header_text_color=\u00bb#3c6f9f\u00bb header_font_size=\u00bb16px\u00bb header_letter_spacing=\u00bb0.5px\u00bb header_line_height=\u00bb1.7em\u00bb body_font=\u00bbOpen Sans||||||||\u00bb body_text_color=\u00bb#3c6f9f\u00bb body_line_height=\u00bb2em\u00bb background_layout=\u00bbdark\u00bb hover_enabled=\u00bb0&#8243; locked=\u00bboff\u00bb global_colors_info=\u00bb{}\u00bb sticky_enabled=\u00bb0&#8243;]<\/p>\n<p><strong>AVENIDA CARDENAL CISNEROS, 16, LOW, 34004, PALENCIA<\/strong><\/p>\n<p>[\/et_pb_blurb][\/et_pb_column][et_pb_column type=\u00bb1_3&#8243; _builder_version=\u00bb4.22.1&#8243; _module_preset=\u00bbdefault\u00bb global_colors_info=\u00bb{}\u00bb][et_pb_blurb title=\u00bbTEL\u00c9FONOS\u00bb use_icon=\u00bbon\u00bb font_icon=\u00bb&#xf879;||fa||900&#8243; icon_placement=\u00bbleft\u00bb content_max_width=\u00bb1100px\u00bb _builder_version=\u00bb4.22.1&#8243; header_font=\u00bb|800||on|||||\u00bb header_text_color=\u00bb#3c6f9f\u00bb header_font_size=\u00bb16px\u00bb header_letter_spacing=\u00bb0.5px\u00bb header_line_height=\u00bb1.7em\u00bb body_font=\u00bbOpen Sans||||||||\u00bb body_text_color=\u00bb#3c6f9f\u00bb body_line_height=\u00bb2em\u00bb background_layout=\u00bbdark\u00bb hover_enabled=\u00bb0&#8243; locked=\u00bboff\u00bb global_colors_info=\u00bb{}\u00bb sticky_enabled=\u00bb0&#8243;]<\/p>\n<p><strong>979 713 422<\/strong><\/p>\n<p><strong>URGENCIAS 24H: 610 786 520\u00a0<\/strong><\/p>\n<p>[\/et_pb_blurb][\/et_pb_column][et_pb_column type=\u00bb1_3&#8243; _builder_version=\u00bb4.22.1&#8243; _module_preset=\u00bbdefault\u00bb global_colors_info=\u00bb{}\u00bb][et_pb_blurb title=\u00bbMAIL\u00bb use_icon=\u00bbon\u00bb font_icon=\u00bb&#xf0f3;||fa||900&#8243; icon_placement=\u00bbleft\u00bb content_max_width=\u00bb1100px\u00bb _builder_version=\u00bb4.22.1&#8243; header_font=\u00bb|800||on|||||\u00bb header_text_color=\u00bb#3c6f9f\u00bb header_font_size=\u00bb16px\u00bb header_letter_spacing=\u00bb0.5px\u00bb header_line_height=\u00bb1.7em\u00bb body_font=\u00bbOpen Sans||||||||\u00bb body_text_color=\u00bb#3c6f9f\u00bb body_line_height=\u00bb2em\u00bb background_layout=\u00bbdark\u00bb hover_enabled=\u00bb0&#8243; locked=\u00bboff\u00bb global_colors_info=\u00bb{}\u00bb sticky_enabled=\u00bb0&#8243;]<\/p>\n<p><strong><a href=\"mailto:info@multiservicioscano\">administracion@multiservicioscano<\/a><\/strong><\/p>\n<p><strong><a href=\"mailto:info@multiservicioscano\">info@multiservicioscano<\/a><\/strong><\/p>\n<p><span><\/span><\/p>\n<p>[\/et_pb_blurb][et_pb_blurb title=\u00bbEmail\u00bb use_icon=\u00bbon\u00bb font_icon=\u00bb&#xe076;||divi||400&#8243; icon_color=\u00bb#ffffff\u00bb icon_placement=\u00bbleft\u00bb content_max_width=\u00bb1100px\u00bb _builder_version=\u00bb4.22.1&#8243; header_font=\u00bb|800||on|||||\u00bb header_font_size=\u00bb16px\u00bb header_letter_spacing=\u00bb0.5px\u00bb header_line_height=\u00bb1.7em\u00bb body_font=\u00bbOpen Sans||||||||\u00bb body_line_height=\u00bb2em\u00bb background_layout=\u00bbdark\u00bb locked=\u00bboff\u00bb global_colors_info=\u00bb{}\u00bb]<\/p>\n<p>administracion@multiservicioscano.es<\/p>\n<p>[\/et_pb_blurb][\/et_pb_column][\/et_pb_row][\/et_pb_section][et_pb_section fb_built=\u00bb1&#8243; fullwidth=\u00bbon\u00bb _builder_version=\u00bb4.22.1&#8243; _module_preset=\u00bbdefault\u00bb global_colors_info=\u00bb{}\u00bb][et_pb_fullwidth_code _builder_version=\u00bb4.22.1&#8243; _module_preset=\u00bbdefault\u00bb global_colors_info=\u00bb{}\u00bb custom_margin=\u00bb-81px|||||\u00bb]<iframe src=\"https:\/\/www.google.com\/maps\/embed?pb=!1m18!1m12!1m3!1d2964.8324924259286!2d-4.527181423328211!3d42.00387035752948!2m3!1f0!2f0!3f0!3m2!1i1024!2i768!4f13.1!3m3!1m2!1s0xd47b0338906d391%3A0x7967e569eb7ddfe3!2sAv.%20Cardenal%20Cisneros%2C%2016%2C%2034004%20Palencia!5e0!3m2!1ses!2ses!4v1728486851969!5m2!1ses!2ses\" width=\"3600\" height=\"450\" style=\"border:0;\" allowfullscreen=\"\" loading=\"lazy\" referrerpolicy=\"no-referrer-when-downgrade\"><\/iframe>[\/et_pb_fullwidth_code][\/et_pb_section][et_pb_section fb_built=\u00bb1&#8243; _builder_version=\u00bb4.22.1&#8243; _module_preset=\u00bbdefault\u00bb custom_margin=\u00bb-56px|||||\u00bb global_colors_info=\u00bb{}\u00bb][et_pb_row _builder_version=\u00bb4.22.1&#8243; _module_preset=\u00bbdefault\u00bb global_colors_info=\u00bb{}\u00bb][et_pb_column type=\u00bb4_4&#8243; _builder_version=\u00bb4.22.1&#8243; _module_preset=\u00bbdefault\u00bb global_colors_info=\u00bb{}\u00bb][et_pb_image src=\u00bbhttps:\/\/multiservicioscano.es\/wp-content\/uploads\/2024\/10\/CONBANDERA_KITDIGITAL-01-1024&#215;95-1.png\u00bb title_text=\u00bbCONBANDERA_KITDIGITAL-01-1024&#215;95&#8243; _builder_version=\u00bb4.22.1&#8243; _module_preset=\u00bbdefault\u00bb global_colors_info=\u00bb{}\u00bb][\/et_pb_image][\/et_pb_column][\/et_pb_row][\/et_pb_section]<\/p>","protected":false},"excerpt":{"rendered":"<p>Contact\u00c1NOS Ahora podr\u00e1 descubrir por qu\u00e9 Multiservicios Cano es l\u00edder en Palencia. En s\u00f3lo 2 horas le haremos llegar su presupuesto. De una manera r\u00e1pida y eficaz, como todos nuestros trabajos. Antes de contratar con otra empresa, cons\u00faltenos a nosotros.\u00a0SOLICITA TU PRESUPUESTOAVENIDA CARDENAL CISNEROS, 16, BAJO, 34004, PALENCIA979 713 422 URGENCIAS 24H: 610 786 520\u00a0administracion@multiservicioscano [&hellip;]<\/p>","protected":false},"author":1,"featured_media":0,"parent":0,"menu_order":0,"comment_status":"closed","ping_status":"closed","template":"","meta":{"_et_pb_use_builder":"on","_et_pb_old_content":"","_et_gb_content_width":"","footnotes":""},"class_list":["post-3113","page","type-page","status-publish","hentry"],"yoast_head":"<!-- This site is optimized with the Yoast SEO plugin v23.6 - https:\/\/yoast.com\/wordpress\/plugins\/seo\/ -->\n<title>Contacto - Multiservicios Cano<\/title>\n<meta name=\"robots\" content=\"index, follow, max-snippet:-1, max-image-preview:large, max-video-preview:-1\" \/>\n<link rel=\"canonical\" href=\"https:\/\/multiservicioscano.es\/en\/contacto\/\" \/>\n<meta property=\"og:locale\" content=\"en_GB\" \/>\n<meta property=\"og:type\" content=\"article\" \/>\n<meta property=\"og:title\" content=\"Contacto - Multiservicios Cano\" \/>\n<meta property=\"og:description\" content=\"Contact\u00c1NOS Ahora podr\u00e1 descubrir por qu\u00e9 Multiservicios Cano es l\u00edder en Palencia. En s\u00f3lo 2 horas le haremos llegar su presupuesto. De una manera r\u00e1pida y eficaz, como todos nuestros trabajos. Antes de contratar con otra empresa, cons\u00faltenos a nosotros.\u00a0SOLICITA TU PRESUPUESTOAVENIDA CARDENAL CISNEROS, 16, BAJO, 34004, PALENCIA979 713 422 URGENCIAS 24H: 610 786 520\u00a0administracion@multiservicioscano [&hellip;]\" \/>\n<meta property=\"og:url\" content=\"https:\/\/multiservicioscano.es\/en\/contacto\/\" \/>\n<meta property=\"og:site_name\" content=\"Multiservicios Cano\" \/>\n<meta property=\"article:modified_time\" content=\"2024-10-15T10:51:06+00:00\" \/>\n<meta name=\"twitter:card\" content=\"summary_large_image\" \/>\n<meta name=\"twitter:label1\" content=\"Estimated reading time\" \/>\n\t<meta name=\"twitter:data1\" content=\"7 minutes\" \/>\n<script type=\"application\/ld+json\" class=\"yoast-schema-graph\">{\"@context\":\"https:\/\/schema.org\",\"@graph\":[{\"@type\":\"WebPage\",\"@id\":\"https:\/\/multiservicioscano.es\/contacto\/\",\"url\":\"https:\/\/multiservicioscano.es\/contacto\/\",\"name\":\"Contacto - Multiservicios Cano\",\"isPartOf\":{\"@id\":\"https:\/\/multiservicioscano.es\/#website\"},\"datePublished\":\"2024-10-09T15:07:53+00:00\",\"dateModified\":\"2024-10-15T10:51:06+00:00\",\"breadcrumb\":{\"@id\":\"https:\/\/multiservicioscano.es\/contacto\/#breadcrumb\"},\"inLanguage\":\"en-GB\",\"potentialAction\":[{\"@type\":\"ReadAction\",\"target\":[\"https:\/\/multiservicioscano.es\/contacto\/\"]}]},{\"@type\":\"BreadcrumbList\",\"@id\":\"https:\/\/multiservicioscano.es\/contacto\/#breadcrumb\",\"itemListElement\":[{\"@type\":\"ListItem\",\"position\":1,\"name\":\"Portada\",\"item\":\"https:\/\/multiservicioscano.es\/\"},{\"@type\":\"ListItem\",\"position\":2,\"name\":\"Contacto\"}]},{\"@type\":\"WebSite\",\"@id\":\"https:\/\/multiservicioscano.es\/#website\",\"url\":\"https:\/\/multiservicioscano.es\/\",\"name\":\"Multiservicios Cano\",\"description\":\"Multiservicios. Urgencias de escapes y desatascos de agua. Limpieza y mantenimiento de tejados y canalones. Trabajos de alba\u00f1iler\u00eda y fontaner\u00eda.\",\"publisher\":{\"@id\":\"https:\/\/multiservicioscano.es\/#organization\"},\"potentialAction\":[{\"@type\":\"SearchAction\",\"target\":{\"@type\":\"EntryPoint\",\"urlTemplate\":\"https:\/\/multiservicioscano.es\/?s={search_term_string}\"},\"query-input\":{\"@type\":\"PropertyValueSpecification\",\"valueRequired\":true,\"valueName\":\"search_term_string\"}}],\"inLanguage\":\"en-GB\"},{\"@type\":\"Organization\",\"@id\":\"https:\/\/multiservicioscano.es\/#organization\",\"name\":\"Multiservicios Cano\",\"url\":\"https:\/\/multiservicioscano.es\/\",\"logo\":{\"@type\":\"ImageObject\",\"inLanguage\":\"en-GB\",\"@id\":\"https:\/\/multiservicioscano.es\/#\/schema\/logo\/image\/\",\"url\":\"https:\/\/multiservicioscano.es\/wp-content\/uploads\/2024\/10\/Logo-de-la-pagina-web.png\",\"contentUrl\":\"https:\/\/multiservicioscano.es\/wp-content\/uploads\/2024\/10\/Logo-de-la-pagina-web.png\",\"width\":354,\"height\":61,\"caption\":\"Multiservicios Cano\"},\"image\":{\"@id\":\"https:\/\/multiservicioscano.es\/#\/schema\/logo\/image\/\"}}]}<\/script>\n<!-- \/ Yoast SEO plugin. -->","yoast_head_json":{"title":"Contacto - Multiservicios Cano","robots":{"index":"index","follow":"follow","max-snippet":"max-snippet:-1","max-image-preview":"max-image-preview:large","max-video-preview":"max-video-preview:-1"},"canonical":"https:\/\/multiservicioscano.es\/en\/contacto\/","og_locale":"en_GB","og_type":"article","og_title":"Contacto - Multiservicios Cano","og_description":"Contact\u00c1NOS Ahora podr\u00e1 descubrir por qu\u00e9 Multiservicios Cano es l\u00edder en Palencia. En s\u00f3lo 2 horas le haremos llegar su presupuesto. De una manera r\u00e1pida y eficaz, como todos nuestros trabajos. Antes de contratar con otra empresa, cons\u00faltenos a nosotros.\u00a0SOLICITA TU PRESUPUESTOAVENIDA CARDENAL CISNEROS, 16, BAJO, 34004, PALENCIA979 713 422 URGENCIAS 24H: 610 786 520\u00a0administracion@multiservicioscano [&hellip;]","og_url":"https:\/\/multiservicioscano.es\/en\/contacto\/","og_site_name":"Multiservicios Cano","article_modified_time":"2024-10-15T10:51:06+00:00","twitter_card":"summary_large_image","twitter_misc":{"Estimated reading time":"7 minutes"},"schema":{"@context":"https:\/\/schema.org","@graph":[{"@type":"WebPage","@id":"https:\/\/multiservicioscano.es\/contacto\/","url":"https:\/\/multiservicioscano.es\/contacto\/","name":"Contacto - Multiservicios Cano","isPartOf":{"@id":"https:\/\/multiservicioscano.es\/#website"},"datePublished":"2024-10-09T15:07:53+00:00","dateModified":"2024-10-15T10:51:06+00:00","breadcrumb":{"@id":"https:\/\/multiservicioscano.es\/contacto\/#breadcrumb"},"inLanguage":"en-GB","potentialAction":[{"@type":"ReadAction","target":["https:\/\/multiservicioscano.es\/contacto\/"]}]},{"@type":"BreadcrumbList","@id":"https:\/\/multiservicioscano.es\/contacto\/#breadcrumb","itemListElement":[{"@type":"ListItem","position":1,"name":"Portada","item":"https:\/\/multiservicioscano.es\/"},{"@type":"ListItem","position":2,"name":"Contacto"}]},{"@type":"WebSite","@id":"https:\/\/multiservicioscano.es\/#website","url":"https:\/\/multiservicioscano.es\/","name":"Multiservicios Cano","description":"Multiservicios. Urgencias de escapes y desatascos de agua. Limpieza y mantenimiento de tejados y canalones. Trabajos de alba\u00f1iler\u00eda y fontaner\u00eda.","publisher":{"@id":"https:\/\/multiservicioscano.es\/#organization"},"potentialAction":[{"@type":"SearchAction","target":{"@type":"EntryPoint","urlTemplate":"https:\/\/multiservicioscano.es\/?s={search_term_string}"},"query-input":{"@type":"PropertyValueSpecification","valueRequired":true,"valueName":"search_term_string"}}],"inLanguage":"en-GB"},{"@type":"Organization","@id":"https:\/\/multiservicioscano.es\/#organization","name":"Multiservicios Cano","url":"https:\/\/multiservicioscano.es\/","logo":{"@type":"ImageObject","inLanguage":"en-GB","@id":"https:\/\/multiservicioscano.es\/#\/schema\/logo\/image\/","url":"https:\/\/multiservicioscano.es\/wp-content\/uploads\/2024\/10\/Logo-de-la-pagina-web.png","contentUrl":"https:\/\/multiservicioscano.es\/wp-content\/uploads\/2024\/10\/Logo-de-la-pagina-web.png","width":354,"height":61,"caption":"Multiservicios Cano"},"image":{"@id":"https:\/\/multiservicioscano.es\/#\/schema\/logo\/image\/"}}]}},"_links":{"self":[{"href":"https:\/\/multiservicioscano.es\/en\/wp-json\/wp\/v2\/pages\/3113","targetHints":{"allow":["GET"]}}],"collection":[{"href":"https:\/\/multiservicioscano.es\/en\/wp-json\/wp\/v2\/pages"}],"about":[{"href":"https:\/\/multiservicioscano.es\/en\/wp-json\/wp\/v2\/types\/page"}],"author":[{"embeddable":true,"href":"https:\/\/multiservicioscano.es\/en\/wp-json\/wp\/v2\/users\/1"}],"replies":[{"embeddable":true,"href":"https:\/\/multiservicioscano.es\/en\/wp-json\/wp\/v2\/comments?post=3113"}],"version-history":[{"count":12,"href":"https:\/\/multiservicioscano.es\/en\/wp-json\/wp\/v2\/pages\/3113\/revisions"}],"predecessor-version":[{"id":3223,"href":"https:\/\/multiservicioscano.es\/en\/wp-json\/wp\/v2\/pages\/3113\/revisions\/3223"}],"wp:attachment":[{"href":"https:\/\/multiservicioscano.es\/en\/wp-json\/wp\/v2\/media?parent=3113"}],"curies":[{"name":"wp","href":"https:\/\/api.w.org\/{rel}","templated":true}]}}